{"id":16231,"date":"2025-03-11T08:43:54","date_gmt":"2025-03-11T07:43:54","guid":{"rendered":"https:\/\/www.galerienicolasfournery.fr\/about\/"},"modified":"2026-02-02T22:05:03","modified_gmt":"2026-02-02T21:05:03","slug":"about","status":"publish","type":"page","link":"https:\/\/www.galerienicolasfournery.fr\/en\/about\/","title":{"rendered":"About"},"content":{"rendered":"\t\t<div data-elementor-type=\"wp-page\" data-elementor-id=\"16231\" class=\"elementor elementor-16231 elementor-16158\" data-elementor-post-type=\"page\">\n\t\t\t\t<div class=\"elementor-element elementor-element-607bbc7e e-flex e-con-boxed e-con e-parent\" data-id=\"607bbc7e\" data-element_type=\"container\" data-e-type=\"container\" data-settings=\"{&quot;background_background&quot;:&quot;classic&quot;}\">\n\t\t\t\t\t<div class=\"e-con-inner\">\n\t\t<div class=\"elementor-element elementor-element-77c2c3a9 e-con-full e-flex e-con e-child\" data-id=\"77c2c3a9\" data-element_type=\"container\" data-e-type=\"container\">\n\t\t\t\t<div class=\"elementor-element elementor-element-2509657f elementor-widget elementor-widget-heading\" data-id=\"2509657f\" data-element_type=\"widget\" data-e-type=\"widget\" data-widget_type=\"heading.default\">\n\t\t\t\t<div class=\"elementor-widget-container\">\n\t\t\t\t\t<h2 class=\"elementor-heading-title elementor-size-default\">About<\/h2>\t\t\t\t<\/div>\n\t\t\t\t<\/div>\n\t\t\t\t<div class=\"elementor-element elementor-element-4c763364 elementor-widget-divider--view-line elementor-widget elementor-widget-divider\" data-id=\"4c763364\" data-element_type=\"widget\" data-e-type=\"widget\" data-widget_type=\"divider.default\">\n\t\t\t\t<div class=\"elementor-widget-container\">\n\t\t\t\t\t\t\t<div class=\"elementor-divider\">\n\t\t\t<span class=\"elementor-divider-separator\">\n\t\t\t\t\t\t<\/span>\n\t\t<\/div>\n\t\t\t\t\t\t<\/div>\n\t\t\t\t<\/div>\n\t\t\t\t<div class=\"elementor-element elementor-element-60dfd9ac elementor-widget elementor-widget-heading\" data-id=\"60dfd9ac\" data-element_type=\"widget\" data-e-type=\"widget\" data-widget_type=\"heading.default\">\n\t\t\t\t<div class=\"elementor-widget-container\">\n\t\t\t\t\t<h2 class=\"elementor-heading-title elementor-size-default\">nicolas fournery\n\n<\/h2>\t\t\t\t<\/div>\n\t\t\t\t<\/div>\n\t\t\t\t<div class=\"elementor-element elementor-element-2129bc18 elementor-widget elementor-widget-text-editor\" data-id=\"2129bc18\" data-element_type=\"widget\" data-e-type=\"widget\" data-widget_type=\"text-editor.default\">\n\t\t\t\t<div class=\"elementor-widget-container\">\n\t\t\t\t\t\t\t\t\t<p data-start=\"0\" data-end=\"332\">From the outset, Nicolas Fournery developed a deep passion for ceramics, particularly for porcelain exported from China to Europe in the seventeenth and eighteenth centuries, illustrating the privileged relationship between the West and the Far East. Nantes, his hometown, undoubtedly played a major role in shaping this vocation. He graduated from the \u00c9cole du Louvre in 2008, then pursued specialized training in ceramics, followed by a Master\u2019s degree at the \u00c9cole Pratique des Hautes \u00c9tudes.<\/p><p data-start=\"502\" data-end=\"581\">After a number of professional experiences, he chose to become an art dealer. In 2016, he established his own gallery, specializing in his field of predilection: Chinese and Japanese Export Porcelain.<\/p><p data-start=\"760\" data-end=\"904\" data-is-last-node=\"\" data-is-only-node=\"\">Nicolas Fournery is a member of the Soci\u00e9t\u00e9 des Amis du Mus\u00e9e de la C\u00e9ramique, the Soci\u00e9t\u00e9 des Amis du Louvre, and the Oriental Ceramic Society.<\/p><p data-start=\"760\" data-end=\"904\" data-is-last-node=\"\" data-is-only-node=\"\">Since September 2025, Nicolas Fournery has joined the Board of Directors of &#8220;Printemps Asiatique&#8221;. The event aims to promote the Parisian market for Asian art by bringing together galleries, auction houses, museums, and collectors through exhibitions, themed sales, and a program of lectures and professional meetings.<\/p>\t\t\t\t\t\t\t\t<\/div>\n\t\t\t\t<\/div>\n\t\t\t\t<div class=\"elementor-element elementor-element-616713ca elementor-widget elementor-widget-heading\" data-id=\"616713ca\" data-element_type=\"widget\" data-e-type=\"widget\" data-widget_type=\"heading.default\">\n\t\t\t\t<div class=\"elementor-widget-container\">\n\t\t\t\t\t<h2 class=\"elementor-heading-title elementor-size-default\">THE GALLERY<\/h2>\t\t\t\t<\/div>\n\t\t\t\t<\/div>\n\t\t\t\t<div class=\"elementor-element elementor-element-4201e6eb elementor-widget elementor-widget-text-editor\" data-id=\"4201e6eb\" data-element_type=\"widget\" data-e-type=\"widget\" data-widget_type=\"text-editor.default\">\n\t\t\t\t<div class=\"elementor-widget-container\">\n\t\t\t\t\t\t\t\t\t<p data-start=\"0\" data-end=\"301\">The gallery provides advice to collectors and museums, guiding them in their acquisitions and in the development of their collections. Its digital platform offers broad access to objects of exceptional quality, comparable to those found in major collections and published in leading reference works.<\/p><p data-start=\"303\" data-end=\"442\">In addition to advising private collectors of Chinese export porcelain, Nicolas has made several sales to major museums around the world. Since 2022, Galerie Nicolas Fournery has been a participant in Printemps Asiatique, an event dedicated to Asian art held each June in Paris, where it presents a selection of Chinese porcelains at the Pagoda C.T. Loo, located in the 8th arrondissement. In November 2023, Galerie Nicolas Fournery was selected as one of the Five Young Talents invited by Fine Arts La Biennale (FAB) and exhibited a work at the Grand Palais \u00c9ph\u00e9m\u00e8re in Paris.<\/p><p data-start=\"303\" data-end=\"442\">Committed to scholarly research and the dissemination of knowledge, the gallery notably contributed in 2024 to the funding of the Dresden Porcelain Project, dedicated to the study and digital publication of the Dresden collection of Chinese and Japanese porcelain.<\/p><p>In March 2025, the gallery was selected by TEFAF Maastricht, the world\u2019s leading art fair, as one of ten emerging young galleries promoted that year. In March 2026, Galerie Nicolas Fournery will enter the main section of TEFAF, affirming its growing international reputation.<\/p><p><span class=\"hover:entity-accent entity-underline inline cursor-pointer align-baseline\"><span class=\"whitespace-normal\">Nicolas Fournery<\/span><\/span> is a member of the French Art Dealers\u2019 Association (<em data-start=\"412\" data-end=\"447\">Syndicat des N\u00e9gociants en Art<\/em>).<\/p>\t\t\t\t\t\t\t\t<\/div>\n\t\t\t\t<\/div>\n\t\t\t\t<div class=\"elementor-element elementor-element-49c28cf8 elementor-widget elementor-widget-heading\" data-id=\"49c28cf8\" data-element_type=\"widget\" data-e-type=\"widget\" data-widget_type=\"heading.default\">\n\t\t\t\t<div class=\"elementor-widget-container\">\n\t\t\t\t\t<h2 class=\"elementor-heading-title elementor-size-default\">EXPERTISE<\/h2>\t\t\t\t<\/div>\n\t\t\t\t<\/div>\n\t\t\t\t<div class=\"elementor-element elementor-element-5ec174d5 elementor-widget elementor-widget-text-editor\" data-id=\"5ec174d5\" data-element_type=\"widget\" data-e-type=\"widget\" data-widget_type=\"text-editor.default\">\n\t\t\t\t<div class=\"elementor-widget-container\">\n\t\t\t\t\t\t\t\t\t<p>Alongside his work as a dealer, Nicolas Fournery assists auction houses in the appraisal of their Asian objects. He has notably worked with Bonham&#8217;s auction house in Brussels, Coutau-B\u00e9garie and Leducq in Paris.<\/p>\t\t\t\t\t\t\t\t<\/div>\n\t\t\t\t<\/div>\n\t\t\t\t<\/div>\n\t\t<div class=\"elementor-element elementor-element-5d147223 e-con-full e-flex e-con e-child\" data-id=\"5d147223\" data-element_type=\"container\" data-e-type=\"container\" data-settings=\"{&quot;background_background&quot;:&quot;classic&quot;}\">\n\t\t\t\t<\/div>\n\t\t\t\t\t<\/div>\n\t\t\t\t<\/div>\n\t\t\t\t<\/div>\n\t\t","protected":false},"excerpt":{"rendered":"<p>About nicolas fournery From the outset, Nicolas Fournery developed a deep passion for ceramics, particularly for porcelain exported from China to Europe in the seventeenth and eighteenth centuries, illustrating the privileged relationship between the West and the Far East. Nantes, his hometown, undoubtedly played a major role in shaping this vocation. He graduated from the [&hellip;]<\/p>\n","protected":false},"author":1,"featured_media":0,"parent":0,"menu_order":0,"comment_status":"closed","ping_status":"closed","template":"","meta":{"_acf_changed":false,"footnotes":""},"class_list":["post-16231","page","type-page","status-publish","hentry"],"aioseo_notices":[],"acf":[],"_links":{"self":[{"href":"https:\/\/www.galerienicolasfournery.fr\/en\/wp-json\/wp\/v2\/pages\/16231","targetHints":{"allow":["GET"]}}],"collection":[{"href":"https:\/\/www.galerienicolasfournery.fr\/en\/wp-json\/wp\/v2\/pages"}],"about":[{"href":"https:\/\/www.galerienicolasfournery.fr\/en\/wp-json\/wp\/v2\/types\/page"}],"author":[{"embeddable":true,"href":"https:\/\/www.galerienicolasfournery.fr\/en\/wp-json\/wp\/v2\/users\/1"}],"replies":[{"embeddable":true,"href":"https:\/\/www.galerienicolasfournery.fr\/en\/wp-json\/wp\/v2\/comments?post=16231"}],"version-history":[{"count":5,"href":"https:\/\/www.galerienicolasfournery.fr\/en\/wp-json\/wp\/v2\/pages\/16231\/revisions"}],"predecessor-version":[{"id":19510,"href":"https:\/\/www.galerienicolasfournery.fr\/en\/wp-json\/wp\/v2\/pages\/16231\/revisions\/19510"}],"wp:attachment":[{"href":"https:\/\/www.galerienicolasfournery.fr\/en\/wp-json\/wp\/v2\/media?parent=16231"}],"curies":[{"name":"wp","href":"https:\/\/api.w.org\/{rel}","templated":true}]}}